{"id":2998,"date":"2025-07-11T10:14:09","date_gmt":"2025-07-11T08:14:09","guid":{"rendered":"https:\/\/hotelsolalmeria.es\/?page_id=2998"},"modified":"2025-12-29T15:59:22","modified_gmt":"2025-12-29T14:59:22","slug":"declaration-daccessibilite","status":"publish","type":"page","link":"https:\/\/hotelsolalmeria.es\/fr\/declaration-daccessibilite\/","title":{"rendered":"D\u00e9claration d&#8217;accessibilit\u00e9"},"content":{"rendered":"\t\t<div data-elementor-type=\"wp-page\" data-elementor-id=\"2998\" class=\"elementor elementor-2998\" data-elementor-post-type=\"page\">\n\t\t\t\t<div class=\"elementor-element elementor-element-52d405d e-flex e-con-boxed e-con e-parent\" data-id=\"52d405d\" data-element_type=\"container\" data-e-type=\"container\">\n\t\t\t\t\t<div class=\"e-con-inner\">\n\t\t\t\t<div class=\"elementor-element elementor-element-5ddedb7 elementor-widget elementor-widget-heading\" data-id=\"5ddedb7\" data-element_type=\"widget\" data-e-type=\"widget\" data-widget_type=\"heading.default\">\n\t\t\t\t\t<h2 class=\"elementor-heading-title elementor-size-default\">Declaraci\u00f3n de Accesibilidad<\/h2>\t\t\t\t<\/div>\n\t\t\t\t<div class=\"elementor-element elementor-element-3677633 elementor-widget elementor-widget-text-editor\" data-id=\"3677633\" data-element_type=\"widget\" data-e-type=\"widget\" data-widget_type=\"text-editor.default\">\n\t\t\t\t\t\t\t\t\t<div class=\"et_pb_module et_pb_text et_pb_text_0 et_pb_text_align_left et_pb_bg_layout_light\"><div class=\"et_pb_text_inner\"><h2><strong>Condiciones de accesibilidad<\/strong><\/h2><\/div><\/div><div class=\"et_pb_module et_pb_text et_pb_text_1 et_pb_text_align_left et_pb_bg_layout_light\"><div class=\"et_pb_text_inner\"><p><strong>Hosteler\u00eda Almeriense S.C.A.<\/strong>\u00a0bajo su nombre comercial\u00a0<strong>Hotel Sol Almer\u00eda<\/strong>\u00a0(en adelante) se ha comprometido a hacer accesibles sus sitios web de conformidad con el Real Decreto 1112\/2018, de 7 de septiembre, el cual abre nueva ventana, sobre accesibilidad de los sitios web y aplicaciones para dispositivos m\u00f3viles del sector p\u00fablico (en adelante, Real Decreto 1112\/2018, de 7 de septiembre).<\/p><p>La presente declaraci\u00f3n de accesibilidad se aplica al sitio web<strong>\u00a0<a role=\"link\" href=\"https:\/\/hotelsolalmeria.es\/\">https:\/\/hotelsolalmeria.es\/<\/a>\u00a0\u00a0<\/strong>(los subdominios de este sitio web tendr\u00e1n sus propias declaraciones de accesibilidad).<\/p><p><strong>Hotel Sol Almer\u00eda\u00a0<\/strong>se compromete a proporcionar un sitio web accesible para una audiencia lo m\u00e1s amplia posible, independientemente de las circunstancias y la capacidad. Nuestro objetivo es cumplir de la manera m\u00e1s cercana posible a las Pautas de Accesibilidad para el Contenido Web (WCAG 2.0, Nivel AA), publicadas por el Consorcio WWW, o seg\u00fan su nombre en ingl\u00e9s, World Wide Web Consortuium (W3C).<\/p><p>Estas pautas explican c\u00f3mo lograr que el contenido web sea m\u00e1s accesible para las personas con discapacidad. El cumplimiento de estas pautas ayudar\u00e1 a que el sitio sea m\u00e1s f\u00e1cil de usar y amigable para todos los usuarios.<\/p><p>Si bien\u00a0<strong>Hotel Sol Almer\u00eda<\/strong>\u00a0se esfuerza por cumplir con las pautas y est\u00e1ndares de accesibilidad, no siempre es posible hacerlo en todas sus \u00e1reas y actualmente estamos trabajando para lograrlo. Ten en cuenta que debido a la naturaleza din\u00e1mica del sitio web, pueden surgir inconvenientes menores, ya que se actualiza con regularidad. Continuamente buscamos soluciones que lleven todas las \u00e1reas del sitio al mismo nivel de accesibilidad web general.<\/p><p><strong>Observaciones y datos de contacto<\/strong><\/p><p>Si tienes alg\u00fan comentario o sugerencia relacionados con la mejora de la accesibilidad de nuestro sitio puedes realizar comunicaciones sobre requisitos de accesibilidad (art\u00edculo 10.2.a) del Real Decreto 1112\/2018, de 7 de septiembre) como, por ejemplo:<\/p><p>Informar sobre cualquier posible incumplimiento por parte de este sitio web.<br \/>Transmitir otras dificultades de acceso al contenido.<\/p><p>Formular cualquier otra consulta o sugerencia de mejora relativa a la accesibilidad del sitio web a\u00a0trav\u00e9s de las siguientes v\u00edas:<\/p><blockquote><p>Ctra. de Ronda N\u00ba193. CP: 04005 Almer\u00eda (ALMER\u00cdA-ESPA\u00d1A)<\/p><p>Tel\u00e9fono: +34 950 27 18 11<\/p><p>Email:\u00a0<a role=\"link\" href=\"mailto:info@hotelsolalmeria.es\">info@hotelsolalmeria.es<\/a><br \/>Web:\u00a0<a role=\"link\" href=\"https:\/\/hotelsolalmeria.es\/\">https:\/\/hotelsolalmeria.es\/<\/a>\u00a0<\/p><\/blockquote><\/div><\/div>\t\t\t\t\t\t\t\t<\/div>\n\t\t\t\t\t<\/div>\n\t\t\t\t<\/div>\n\t\t\t\t<\/div>\n\t\t","protected":false},"excerpt":{"rendered":"<p>Declaraci\u00f3n de Accesibilidad Condiciones de accesibilidad Hosteler\u00eda Almeriense S.C.A.\u00a0bajo su nombre comercial\u00a0Hotel Sol Almer\u00eda\u00a0(en adelante) se ha comprometido a hacer accesibles sus sitios web de conformidad con el Real Decreto 1112\/2018, de 7 de septiembre, el cual abre nueva ventana, sobre accesibilidad de los sitios web y aplicaciones para dispositivos m\u00f3viles del sector p\u00fablico (en [&hellip;]<\/p>\n","protected":false},"author":1,"featured_media":0,"parent":0,"menu_order":0,"comment_status":"closed","ping_status":"closed","template":"","meta":{"footnotes":""},"class_list":["post-2998","page","type-page","status-publish","hentry"],"yoast_head":"<!-- This site is optimized with the Yoast SEO plugin v27.3 - https:\/\/yoast.com\/product\/yoast-seo-wordpress\/ -->\n<title>D\u00e9claration d&#039;accessibilit\u00e9 - H\u00f4tel 3 \u00e9toiles \u00e0 Almer\u00eda<\/title>\n<meta name=\"robots\" content=\"noindex, nofollow\" \/>\n<meta property=\"og:locale\" content=\"es_ES\" \/>\n<meta property=\"og:type\" content=\"article\" \/>\n<meta property=\"og:title\" content=\"D\u00e9claration d&#039;accessibilit\u00e9 - H\u00f4tel 3 \u00e9toiles \u00e0 Almer\u00eda\" \/>\n<meta property=\"og:description\" content=\"Declaraci\u00f3n de Accesibilidad Condiciones de accesibilidad Hosteler\u00eda Almeriense S.C.A.\u00a0bajo su nombre comercial\u00a0Hotel Sol Almer\u00eda\u00a0(en adelante) se ha comprometido a hacer accesibles sus sitios web de conformidad con el Real Decreto 1112\/2018, de 7 de septiembre, el cual abre nueva ventana, sobre accesibilidad de los sitios web y aplicaciones para dispositivos m\u00f3viles del sector p\u00fablico (en [&hellip;]\" \/>\n<meta property=\"og:url\" content=\"https:\/\/hotelsolalmeria.es\/fr\/declaration-daccessibilite\/\" \/>\n<meta property=\"og:site_name\" content=\"H\u00f4tel 3 \u00e9toiles \u00e0 Almer\u00eda\" \/>\n<meta property=\"article:modified_time\" content=\"2025-12-29T14:59:22+00:00\" \/>\n<meta name=\"twitter:card\" content=\"summary_large_image\" \/>\n<meta name=\"twitter:label1\" content=\"Tiempo de lectura\" \/>\n\t<meta name=\"twitter:data1\" content=\"2 minutos\" \/>\n<script type=\"application\/ld+json\" class=\"yoast-schema-graph\">{\"@context\":\"https:\\\/\\\/schema.org\",\"@graph\":[{\"@type\":\"WebPage\",\"@id\":\"https:\\\/\\\/hotelsolalmeria.es\\\/fr\\\/declaration-daccessibilite\\\/\",\"url\":\"https:\\\/\\\/hotelsolalmeria.es\\\/fr\\\/declaration-daccessibilite\\\/\",\"name\":\"D\u00e9claration d'accessibilit\u00e9 - H\u00f4tel 3 \u00e9toiles \u00e0 Almer\u00eda\",\"isPartOf\":{\"@id\":\"https:\\\/\\\/hotelsolalmeria.es\\\/fr\\\/#website\"},\"datePublished\":\"2025-07-11T08:14:09+00:00\",\"dateModified\":\"2025-12-29T14:59:22+00:00\",\"breadcrumb\":{\"@id\":\"https:\\\/\\\/hotelsolalmeria.es\\\/fr\\\/declaration-daccessibilite\\\/#breadcrumb\"},\"inLanguage\":\"es\",\"potentialAction\":[{\"@type\":\"ReadAction\",\"target\":[\"https:\\\/\\\/hotelsolalmeria.es\\\/fr\\\/declaration-daccessibilite\\\/\"]}]},{\"@type\":\"BreadcrumbList\",\"@id\":\"https:\\\/\\\/hotelsolalmeria.es\\\/fr\\\/declaration-daccessibilite\\\/#breadcrumb\",\"itemListElement\":[{\"@type\":\"ListItem\",\"position\":1,\"name\":\"Portada\",\"item\":\"https:\\\/\\\/hotelsolalmeria.es\\\/fr\\\/\"},{\"@type\":\"ListItem\",\"position\":2,\"name\":\"D\u00e9claration d&#8217;accessibilit\u00e9\"}]},{\"@type\":\"WebSite\",\"@id\":\"https:\\\/\\\/hotelsolalmeria.es\\\/fr\\\/#website\",\"url\":\"https:\\\/\\\/hotelsolalmeria.es\\\/fr\\\/\",\"name\":\"H\u00f4tel 3 \u00e9toiles \u00e0 Almer\u00eda\",\"description\":\"Hotel 3 estrellas en Almer\u00eda\",\"publisher\":{\"@id\":\"https:\\\/\\\/hotelsolalmeria.es\\\/fr\\\/#organization\"},\"potentialAction\":[{\"@type\":\"SearchAction\",\"target\":{\"@type\":\"EntryPoint\",\"urlTemplate\":\"https:\\\/\\\/hotelsolalmeria.es\\\/fr\\\/?s={search_term_string}\"},\"query-input\":{\"@type\":\"PropertyValueSpecification\",\"valueRequired\":true,\"valueName\":\"search_term_string\"}}],\"inLanguage\":\"es\"},{\"@type\":\"Organization\",\"@id\":\"https:\\\/\\\/hotelsolalmeria.es\\\/fr\\\/#organization\",\"name\":\"H\u00f4tel 3 \u00e9toiles \u00e0 Almer\u00eda\",\"url\":\"https:\\\/\\\/hotelsolalmeria.es\\\/fr\\\/\",\"logo\":{\"@type\":\"ImageObject\",\"inLanguage\":\"es\",\"@id\":\"https:\\\/\\\/hotelsolalmeria.es\\\/fr\\\/#\\\/schema\\\/logo\\\/image\\\/\",\"url\":\"https:\\\/\\\/hotelsolalmeria.es\\\/fr\\\/wp-content\\\/uploads\\\/sites\\\/2\\\/LOGO-HOTEL-SOL.webp\",\"contentUrl\":\"https:\\\/\\\/hotelsolalmeria.es\\\/fr\\\/wp-content\\\/uploads\\\/sites\\\/2\\\/LOGO-HOTEL-SOL.webp\",\"width\":350,\"height\":96,\"caption\":\"H\u00f4tel 3 \u00e9toiles \u00e0 Almer\u00eda\"},\"image\":{\"@id\":\"https:\\\/\\\/hotelsolalmeria.es\\\/fr\\\/#\\\/schema\\\/logo\\\/image\\\/\"}}]}<\/script>\n<!-- \/ Yoast SEO plugin. -->","yoast_head_json":{"title":"D\u00e9claration d'accessibilit\u00e9 - H\u00f4tel 3 \u00e9toiles \u00e0 Almer\u00eda","robots":{"index":"noindex","follow":"nofollow"},"og_locale":"es_ES","og_type":"article","og_title":"D\u00e9claration d'accessibilit\u00e9 - H\u00f4tel 3 \u00e9toiles \u00e0 Almer\u00eda","og_description":"Declaraci\u00f3n de Accesibilidad Condiciones de accesibilidad Hosteler\u00eda Almeriense S.C.A.\u00a0bajo su nombre comercial\u00a0Hotel Sol Almer\u00eda\u00a0(en adelante) se ha comprometido a hacer accesibles sus sitios web de conformidad con el Real Decreto 1112\/2018, de 7 de septiembre, el cual abre nueva ventana, sobre accesibilidad de los sitios web y aplicaciones para dispositivos m\u00f3viles del sector p\u00fablico (en [&hellip;]","og_url":"https:\/\/hotelsolalmeria.es\/fr\/declaration-daccessibilite\/","og_site_name":"H\u00f4tel 3 \u00e9toiles \u00e0 Almer\u00eda","article_modified_time":"2025-12-29T14:59:22+00:00","twitter_card":"summary_large_image","twitter_misc":{"Tiempo de lectura":"2 minutos"},"schema":{"@context":"https:\/\/schema.org","@graph":[{"@type":"WebPage","@id":"https:\/\/hotelsolalmeria.es\/fr\/declaration-daccessibilite\/","url":"https:\/\/hotelsolalmeria.es\/fr\/declaration-daccessibilite\/","name":"D\u00e9claration d'accessibilit\u00e9 - H\u00f4tel 3 \u00e9toiles \u00e0 Almer\u00eda","isPartOf":{"@id":"https:\/\/hotelsolalmeria.es\/fr\/#website"},"datePublished":"2025-07-11T08:14:09+00:00","dateModified":"2025-12-29T14:59:22+00:00","breadcrumb":{"@id":"https:\/\/hotelsolalmeria.es\/fr\/declaration-daccessibilite\/#breadcrumb"},"inLanguage":"es","potentialAction":[{"@type":"ReadAction","target":["https:\/\/hotelsolalmeria.es\/fr\/declaration-daccessibilite\/"]}]},{"@type":"BreadcrumbList","@id":"https:\/\/hotelsolalmeria.es\/fr\/declaration-daccessibilite\/#breadcrumb","itemListElement":[{"@type":"ListItem","position":1,"name":"Portada","item":"https:\/\/hotelsolalmeria.es\/fr\/"},{"@type":"ListItem","position":2,"name":"D\u00e9claration d&#8217;accessibilit\u00e9"}]},{"@type":"WebSite","@id":"https:\/\/hotelsolalmeria.es\/fr\/#website","url":"https:\/\/hotelsolalmeria.es\/fr\/","name":"H\u00f4tel 3 \u00e9toiles \u00e0 Almer\u00eda","description":"Hotel 3 estrellas en Almer\u00eda","publisher":{"@id":"https:\/\/hotelsolalmeria.es\/fr\/#organization"},"potentialAction":[{"@type":"SearchAction","target":{"@type":"EntryPoint","urlTemplate":"https:\/\/hotelsolalmeria.es\/fr\/?s={search_term_string}"},"query-input":{"@type":"PropertyValueSpecification","valueRequired":true,"valueName":"search_term_string"}}],"inLanguage":"es"},{"@type":"Organization","@id":"https:\/\/hotelsolalmeria.es\/fr\/#organization","name":"H\u00f4tel 3 \u00e9toiles \u00e0 Almer\u00eda","url":"https:\/\/hotelsolalmeria.es\/fr\/","logo":{"@type":"ImageObject","inLanguage":"es","@id":"https:\/\/hotelsolalmeria.es\/fr\/#\/schema\/logo\/image\/","url":"https:\/\/hotelsolalmeria.es\/fr\/wp-content\/uploads\/sites\/2\/LOGO-HOTEL-SOL.webp","contentUrl":"https:\/\/hotelsolalmeria.es\/fr\/wp-content\/uploads\/sites\/2\/LOGO-HOTEL-SOL.webp","width":350,"height":96,"caption":"H\u00f4tel 3 \u00e9toiles \u00e0 Almer\u00eda"},"image":{"@id":"https:\/\/hotelsolalmeria.es\/fr\/#\/schema\/logo\/image\/"}}]}},"_links":{"self":[{"href":"https:\/\/hotelsolalmeria.es\/fr\/wp-json\/wp\/v2\/pages\/2998","targetHints":{"allow":["GET"]}}],"collection":[{"href":"https:\/\/hotelsolalmeria.es\/fr\/wp-json\/wp\/v2\/pages"}],"about":[{"href":"https:\/\/hotelsolalmeria.es\/fr\/wp-json\/wp\/v2\/types\/page"}],"author":[{"embeddable":true,"href":"https:\/\/hotelsolalmeria.es\/fr\/wp-json\/wp\/v2\/users\/1"}],"replies":[{"embeddable":true,"href":"https:\/\/hotelsolalmeria.es\/fr\/wp-json\/wp\/v2\/comments?post=2998"}],"version-history":[{"count":1,"href":"https:\/\/hotelsolalmeria.es\/fr\/wp-json\/wp\/v2\/pages\/2998\/revisions"}],"predecessor-version":[{"id":3513,"href":"https:\/\/hotelsolalmeria.es\/fr\/wp-json\/wp\/v2\/pages\/2998\/revisions\/3513"}],"wp:attachment":[{"href":"https:\/\/hotelsolalmeria.es\/fr\/wp-json\/wp\/v2\/media?parent=2998"}],"curies":[{"name":"wp","href":"https:\/\/api.w.org\/{rel}","templated":true}]}}