{"id":2214,"date":"2025-07-04T23:49:06","date_gmt":"2025-07-04T21:49:06","guid":{"rendered":"https:\/\/hotelsolalmeria.es\/?page_id=2214"},"modified":"2025-12-30T09:11:40","modified_gmt":"2025-12-30T08:11:40","slug":"cheques-cadeaux","status":"publish","type":"page","link":"https:\/\/hotelsolalmeria.es\/fr\/cheques-cadeaux\/","title":{"rendered":"Ch\u00e8ques-cadeaux"},"content":{"rendered":"\t\t<div data-elementor-type=\"wp-page\" data-elementor-id=\"2214\" class=\"elementor elementor-2214\" data-elementor-post-type=\"page\">\n\t\t\t\t<div class=\"elementor-element elementor-element-9f020bf e-flex e-con-boxed e-con e-parent\" data-id=\"9f020bf\" data-element_type=\"container\" data-e-type=\"container\" data-settings=\"{&quot;background_background&quot;:&quot;classic&quot;}\">\n\t\t\t\t\t<div class=\"e-con-inner\">\n\t\t\t\t\t<\/div>\n\t\t\t\t<\/div>\n\t\t<div class=\"elementor-element elementor-element-71d4e19 e-flex e-con-boxed e-con e-parent\" data-id=\"71d4e19\" data-element_type=\"container\" data-e-type=\"container\">\n\t\t\t\t\t<div class=\"e-con-inner\">\n\t\t\t\t<div class=\"elementor-element elementor-element-4849dce elementor-widget elementor-widget-heading\" data-id=\"4849dce\" data-element_type=\"widget\" data-e-type=\"widget\" data-widget_type=\"heading.default\">\n\t\t\t\t\t<h1 class=\"elementor-heading-title elementor-size-default\">Ch\u00e8ques-cadeaux<\/h1>\t\t\t\t<\/div>\n\t\t\t\t<div class=\"elementor-element elementor-element-9a8318b elementor-widget elementor-widget-text-editor\" data-id=\"9a8318b\" data-element_type=\"widget\" data-e-type=\"widget\" data-widget_type=\"text-editor.default\">\n\t\t\t\t\t\t\t\t\t<h3>Offrez une exp\u00e9rience inoubliable \u00e0 l&#8217;h\u00f4tel Sol Almer\u00eda !<\/h3>\t\t\t\t\t\t\t\t<\/div>\n\t\t\t\t<div class=\"elementor-element elementor-element-49de525 elementor-widget elementor-widget-text-editor\" data-id=\"49de525\" data-element_type=\"widget\" data-e-type=\"widget\" data-widget_type=\"text-editor.default\">\n\t\t\t\t\t\t\t\t\t<p>Surprenez cette personne sp\u00e9ciale avec nos <strong>ch\u00e8ques-cadeaux<\/strong>, con\u00e7us pour offrir un s\u00e9jour parfait au c\u0153ur d&#8217;Almer\u00eda. Choisissez l&#8217;option qui correspond le mieux \u00e0 vos envies et offrez des moments de confort et de d\u00e9tente \u00e0 l&#8217;h\u00f4tel Sol Almer\u00eda.<\/p>\t\t\t\t\t\t\t\t<\/div>\n\t\t\t\t\t<\/div>\n\t\t\t\t<\/div>\n\t\t<div class=\"elementor-element elementor-element-79fc9594 e-grid e-con-boxed e-con e-child\" data-id=\"79fc9594\" data-element_type=\"container\" data-e-type=\"container\" data-settings=\"{&quot;background_background&quot;:&quot;classic&quot;}\">\n\t\t\t\t\t<div class=\"e-con-inner\">\n\t\t<div class=\"elementor-element elementor-element-65005ab8 e-con-full e-flex e-con e-child\" data-id=\"65005ab8\" data-element_type=\"container\" data-e-type=\"container\">\n\t\t\t\t<div class=\"elementor-element elementor-element-2f3eab8e elementor-cta--layout-image-left elementor-cta--skin-classic elementor-animated-content elementor-bg-transform elementor-bg-transform-zoom-in elementor-widget elementor-widget-call-to-action\" data-id=\"2f3eab8e\" data-element_type=\"widget\" data-e-type=\"widget\" data-widget_type=\"call-to-action.default\">\n\t\t\t\t\t\t\t<div class=\"elementor-cta\">\n\t\t\t\t\t<div class=\"elementor-cta__bg-wrapper\">\n\t\t\t\t<div class=\"elementor-cta__bg elementor-bg\" style=\"background-image: url(https:\/\/hotelsolalmeria.es\/fr\/wp-content\/uploads\/sites\/2\/rearview-shot-of-an-affectionate-mature-couple-rel-2025-04-05-19-52-58-utc.webp);\" role=\"img\" aria-label=\"rearview shot of an affectionate mature couple rel 2025 04 05 19 52 58 utc\"><\/div>\n\t\t\t\t<div class=\"elementor-cta__bg-overlay\"><\/div>\n\t\t\t<\/div>\n\t\t\t\t\t\t\t<div class=\"elementor-cta__content\">\n\t\t\t\t\n\t\t\t\t\t\t\t\t\t<h2 class=\"elementor-cta__title elementor-cta__content-item elementor-content-item\">\n\t\t\t\t\t\tNuit romantique - Avec baignoire hydromassante\t\t\t\t\t<\/h2>\n\t\t\t\t\n\t\t\t\t\t\t\t\t\t<div class=\"elementor-cta__description elementor-cta__content-item elementor-content-item\">\n\t\t\t\t\t\t<b>Soir\u00e9e en semaine<\/b><br><br>\n<strong>Comprend:<\/strong><br>\n\n\u2022\t<strong>1 nuit d'h\u00e9bergement<\/strong> en chambre double avec <strong>baignoire hydromassante.<\/strong><br>\n\u2022    <strong>Petit-d\u00e9jeuner buffet complet  <\/strong>pour deux personnes.<br>\n\u2022    <strong>Parking :<\/strong> pendant le s\u00e9jour.<br><br>\n\n\nValable pour : les nuits du lundi au jeudi. <strong>(sauf juillet et ao\u00fbt).<\/strong>\t\t\t\t\t<\/div>\n\t\t\t\t\n\t\t\t\t\t\t\t\t\t<div class=\"elementor-cta__button-wrapper elementor-cta__content-item elementor-content-item \">\n\t\t\t\t\t<a class=\"elementor-cta__button elementor-button elementor-size-\" href=\"https:\/\/shop.avirato.com\/index.php?code=18124288&#038;page=detalles&#038;lang=es&#038;id_extra=23&#038;cat=32\" target=\"_blank\">\n\t\t\t\t\t\t99\u20ac\t\t\t\t\t<\/a>\n\t\t\t\t\t<\/div>\n\t\t\t\t\t\t\t<\/div>\n\t\t\t\t\t\t<\/div>\n\t\t\t\t\t\t<\/div>\n\t\t\t\t<\/div>\n\t\t<div class=\"elementor-element elementor-element-1bc139e2 e-con-full e-flex e-con e-child\" data-id=\"1bc139e2\" data-element_type=\"container\" data-e-type=\"container\">\n\t\t\t\t<div class=\"elementor-element elementor-element-da923b8 elementor-cta--layout-image-left elementor-cta--skin-classic elementor-animated-content elementor-bg-transform elementor-bg-transform-zoom-in elementor-widget elementor-widget-call-to-action\" data-id=\"da923b8\" data-element_type=\"widget\" data-e-type=\"widget\" data-widget_type=\"call-to-action.default\">\n\t\t\t\t\t\t\t<div class=\"elementor-cta\">\n\t\t\t\t\t<div class=\"elementor-cta__bg-wrapper\">\n\t\t\t\t<div class=\"elementor-cta__bg elementor-bg\" style=\"background-image: url(https:\/\/hotelsolalmeria.es\/fr\/wp-content\/uploads\/sites\/2\/bono-finde-hidromasaje-salida-tardia.webp);\" role=\"img\" aria-label=\"bono finde hidromasaje salida tardia\"><\/div>\n\t\t\t\t<div class=\"elementor-cta__bg-overlay\"><\/div>\n\t\t\t<\/div>\n\t\t\t\t\t\t\t<div class=\"elementor-cta__content\">\n\t\t\t\t\n\t\t\t\t\t\t\t\t\t<h2 class=\"elementor-cta__title elementor-cta__content-item elementor-content-item\">\n\t\t\t\t\t\tWeek-end plaisir - Hydromassage et d\u00e9part tardif\t\t\t\t\t<\/h2>\n\t\t\t\t\n\t\t\t\t\t\t\t\t\t<div class=\"elementor-cta__description elementor-cta__content-item elementor-content-item\">\n\t\t\t\t\t\tCon\u00e7u pour les couples qui souhaitent passer un week-end sp\u00e9cial sous le signe de l'intimit\u00e9 et de la d\u00e9tente.<br><br>\n<strong>Comprend :<\/strong><br>\n\n\u2022    <strong>H\u00e9bergement pour le week-end :<\/strong> (nuits du vendredi et du samedi, sauf en juillet et ao\u00fbt) en chambre double avec <strong> baignoire d'hydromassage.<\/strong><br>\n\u2022    <strong>Petit-d\u00e9jeuner buffet complet <\/strong> pour deux personnes.<br>\n\u2022    <strong>Parking : <\/strong>pendant toute la dur\u00e9e du s\u00e9jour.<br>\n\u2022 <strong> D\u00e9part tardif<\/strong> le dimanche jusqu'\u00e0 18h00.<br><br>\n\nValable pour : <strong>vendredi et samedi (2 nuits)<strong>.\n*** Traduit avec www.DeepL.com\/Translator (version gratuite) ***\n\n\n\t\t\t\t\t<\/div>\n\t\t\t\t\n\t\t\t\t\t\t\t\t\t<div class=\"elementor-cta__button-wrapper elementor-cta__content-item elementor-content-item \">\n\t\t\t\t\t<a class=\"elementor-cta__button elementor-button elementor-size-\" href=\"https:\/\/shop.avirato.com\/index.php?code=18124288&#038;page=detalles&#038;id_extra=26&#038;lang=es&#038;cat=32\" target=\"_blank\">\n\t\t\t\t\t\t189\u20ac\t\t\t\t\t<\/a>\n\t\t\t\t\t<\/div>\n\t\t\t\t\t\t\t<\/div>\n\t\t\t\t\t\t<\/div>\n\t\t\t\t\t\t<\/div>\n\t\t\t\t<\/div>\n\t\t\t\t\t<\/div>\n\t\t\t\t<\/div>\n\t\t<div class=\"elementor-element elementor-element-69aa8d6 e-flex e-con-boxed e-con e-parent\" data-id=\"69aa8d6\" data-element_type=\"container\" data-e-type=\"container\">\n\t\t\t\t\t<div class=\"e-con-inner\">\n\t\t<div class=\"elementor-element elementor-element-069ea37 e-con-full e-flex e-con e-child\" data-id=\"069ea37\" data-element_type=\"container\" data-e-type=\"container\">\n\t\t\t\t<div class=\"elementor-element elementor-element-a5f5b37 elementor-widget elementor-widget-heading\" data-id=\"a5f5b37\" data-element_type=\"widget\" data-e-type=\"widget\" data-widget_type=\"heading.default\">\n\t\t\t\t\t<h2 class=\"elementor-heading-title elementor-size-default\">Conditions g\u00e9n\u00e9rales des ch\u00e8ques-cadeaux :<\/h2>\t\t\t\t<\/div>\n\t\t\t\t<div class=\"elementor-element elementor-element-73ddc0b elementor-widget elementor-widget-text-editor\" data-id=\"73ddc0b\" data-element_type=\"widget\" data-e-type=\"widget\" data-widget_type=\"text-editor.default\">\n\t\t\t\t\t\t\t\t\t<ul>\n \t<li>Validit\u00e9 : 12 mois \u00e0 compter de la date d&#8217;achat.\nSous r\u00e9serve de disponibilit\u00e9 de l&#8217;h\u00f4tel. Il est recommand\u00e9 de r\u00e9server \u00e0 l&#8217;avance. <\/li>\n     <li>Non \u00e9changeable contre de l&#8217;argent comptant. <\/li>\n     <li><strong>Les ch\u00e8ques-cadeaux ne sont pas remboursables. <\/strong><\/li>\n     <li><strong>La personne qui ach\u00e8te le ch\u00e8que-cadeau dispose de 12 mois pour l&#8217;utiliser, mais ne peut le retourner.<\/strong><\/li>\n<\/ul>\t\t\t\t\t\t\t\t<\/div>\n\t\t\t\t<\/div>\n\t\t\t\t\t<\/div>\n\t\t\t\t<\/div>\n\t\t<div class=\"elementor-element elementor-element-683f20c e-flex e-con-boxed e-con e-parent\" data-id=\"683f20c\" data-element_type=\"container\" data-e-type=\"container\" data-settings=\"{&quot;background_background&quot;:&quot;classic&quot;}\">\n\t\t\t\t\t<div class=\"e-con-inner\">\n\t\t\t\t<div class=\"elementor-element elementor-element-4600a23 elementor-widget elementor-widget-heading\" data-id=\"4600a23\" data-element_type=\"widget\" data-e-type=\"widget\" data-widget_type=\"heading.default\">\n\t\t\t\t\t<h2 class=\"elementor-heading-title elementor-size-default\">\u00c0 l'h\u00f4tel Sol Almer\u00eda<\/h2>\t\t\t\t<\/div>\n\t\t\t\t<div class=\"elementor-element elementor-element-94dbaf0 elementor-widget__width-initial elementor-widget elementor-widget-text-editor\" data-id=\"94dbaf0\" data-element_type=\"widget\" data-e-type=\"widget\" data-widget_type=\"text-editor.default\">\n\t\t\t\t\t\t\t\t\t<p>Nous voulons que vous repartiez avec les meilleurs souvenirs au meilleur prix en ligne.<\/p>\t\t\t\t\t\t\t\t<\/div>\n\t\t\t\t<div class=\"elementor-element elementor-element-4cddddf elementor-widget elementor-widget-button\" data-id=\"4cddddf\" data-element_type=\"widget\" data-e-type=\"widget\" data-widget_type=\"button.default\">\n\t\t\t\t\t\t\t\t\t\t<a class=\"elementor-button elementor-button-link elementor-size-sm\" href=\"https:\/\/booking.avirato.com\/?code=18124288&#038;lang=fr\" target=\"_blank\">\n\t\t\t\t\t\t<span class=\"elementor-button-content-wrapper\">\n\t\t\t\t\t\t<span class=\"elementor-button-icon\">\n\t\t\t\t<svg xmlns=\"http:\/\/www.w3.org\/2000\/svg\" xmlns:xlink=\"http:\/\/www.w3.org\/1999\/xlink\" id=\"Capa_1\" x=\"0px\" y=\"0px\" viewBox=\"0 0 512 512\" style=\"enable-background:new 0 0 512 512;\" xml:space=\"preserve\"><g>\t<g>\t\t<polygon points=\"303.616,64.034 283.747,86.511 458.514,241 0,241 0,271 458.514,271 283.747,425.489 303.616,447.966    512,263.761 512,248.239   \"><\/polygon>\t<\/g><\/g><g><\/g><g><\/g><g><\/g><g><\/g><g><\/g><g><\/g><g><\/g><g><\/g><g><\/g><g><\/g><g><\/g><g><\/g><g><\/g><g><\/g><g><\/g><\/svg>\t\t\t<\/span>\n\t\t\t\t\t\t\t\t\t<span class=\"elementor-button-text\">R\u00e9servez d\u00e8s maintenant<\/span>\n\t\t\t\t\t<\/span>\n\t\t\t\t\t<\/a>\n\t\t\t\t\t\t\t\t<\/div>\n\t\t\t\t\t<\/div>\n\t\t\t\t<\/div>\n\t\t\t\t<\/div>\n\t\t","protected":false},"excerpt":{"rendered":"<p>Offrez une exp\u00e9rience inoubliable \u00e0 l&#8217;h\u00f4tel Sol Almer\u00eda ! Surprenez cette personne sp\u00e9ciale avec nos ch\u00e8ques-cadeaux, con\u00e7us pour offrir un s\u00e9jour parfait au c\u0153ur d&#8217;Almer\u00eda. Choisissez l&#8217;option qui correspond le mieux \u00e0 vos envies et offrez des moments de confort et de d\u00e9tente \u00e0 l&#8217;h\u00f4tel Sol Almer\u00eda. Nuit romantique &#8211; Avec baignoire hydromassante Soir\u00e9e en [&hellip;]<\/p>\n","protected":false},"author":1,"featured_media":2630,"parent":0,"menu_order":0,"comment_status":"closed","ping_status":"closed","template":"elementor_header_footer","meta":{"footnotes":""},"class_list":["post-2214","page","type-page","status-publish","has-post-thumbnail","hentry"],"yoast_head":"<!-- This site is optimized with the Yoast SEO plugin v27.3 - https:\/\/yoast.com\/product\/yoast-seo-wordpress\/ -->\n<title>Ch\u00e8ques-cadeaux - H\u00f4tel 3 \u00e9toiles \u00e0 Almer\u00eda<\/title>\n<meta name=\"description\" content=\"\u00c0 l&#039;h\u00f4tel Sol Almer\u00eda, nous voulons que votre s\u00e9jour soit inoubliable. C&#039;est pourquoi nous vous proposons des exp\u00e9riences con\u00e7ues pour agr\u00e9menter votre voyage.\" \/>\n<meta name=\"robots\" content=\"index, follow, max-snippet:-1, max-image-preview:large, max-video-preview:-1\" \/>\n<link rel=\"canonical\" href=\"https:\/\/hotelsolalmeria.es\/fr\/cheques-cadeaux\/\" \/>\n<meta property=\"og:locale\" content=\"es_ES\" \/>\n<meta property=\"og:type\" content=\"article\" \/>\n<meta property=\"og:title\" content=\"Ch\u00e8ques-cadeaux - H\u00f4tel 3 \u00e9toiles \u00e0 Almer\u00eda\" \/>\n<meta property=\"og:description\" content=\"\u00c0 l&#039;h\u00f4tel Sol Almer\u00eda, nous voulons que votre s\u00e9jour soit inoubliable. C&#039;est pourquoi nous vous proposons des exp\u00e9riences con\u00e7ues pour agr\u00e9menter votre voyage.\" \/>\n<meta property=\"og:url\" content=\"https:\/\/hotelsolalmeria.es\/fr\/cheques-cadeaux\/\" \/>\n<meta property=\"og:site_name\" content=\"H\u00f4tel 3 \u00e9toiles \u00e0 Almer\u00eda\" \/>\n<meta property=\"article:modified_time\" content=\"2025-12-30T08:11:40+00:00\" \/>\n<meta property=\"og:image\" content=\"https:\/\/hotelsolalmeria.es\/fr\/wp-content\/uploads\/sites\/2\/amigos-jovenes-sonrientes-que-toman-el-selfie-en-el-telefono-movil-copy.webp\" \/>\n\t<meta property=\"og:image:width\" content=\"800\" \/>\n\t<meta property=\"og:image:height\" content=\"533\" \/>\n\t<meta property=\"og:image:type\" content=\"image\/webp\" \/>\n<meta name=\"twitter:card\" content=\"summary_large_image\" \/>\n<meta name=\"twitter:label1\" content=\"Tiempo de lectura\" \/>\n\t<meta name=\"twitter:data1\" content=\"2 minutos\" \/>\n<script type=\"application\/ld+json\" class=\"yoast-schema-graph\">{\"@context\":\"https:\\\/\\\/schema.org\",\"@graph\":[{\"@type\":\"WebPage\",\"@id\":\"https:\\\/\\\/hotelsolalmeria.es\\\/fr\\\/cheques-cadeaux\\\/\",\"url\":\"https:\\\/\\\/hotelsolalmeria.es\\\/fr\\\/cheques-cadeaux\\\/\",\"name\":\"Ch\u00e8ques-cadeaux - H\u00f4tel 3 \u00e9toiles \u00e0 Almer\u00eda\",\"isPartOf\":{\"@id\":\"https:\\\/\\\/hotelsolalmeria.es\\\/fr\\\/#website\"},\"primaryImageOfPage\":{\"@id\":\"https:\\\/\\\/hotelsolalmeria.es\\\/fr\\\/cheques-cadeaux\\\/#primaryimage\"},\"image\":{\"@id\":\"https:\\\/\\\/hotelsolalmeria.es\\\/fr\\\/cheques-cadeaux\\\/#primaryimage\"},\"thumbnailUrl\":\"https:\\\/\\\/hotelsolalmeria.es\\\/fr\\\/wp-content\\\/uploads\\\/sites\\\/2\\\/amigos-jovenes-sonrientes-que-toman-el-selfie-en-el-telefono-movil-copy.webp\",\"datePublished\":\"2025-07-04T21:49:06+00:00\",\"dateModified\":\"2025-12-30T08:11:40+00:00\",\"description\":\"\u00c0 l'h\u00f4tel Sol Almer\u00eda, nous voulons que votre s\u00e9jour soit inoubliable. C'est pourquoi nous vous proposons des exp\u00e9riences con\u00e7ues pour agr\u00e9menter votre voyage.\",\"breadcrumb\":{\"@id\":\"https:\\\/\\\/hotelsolalmeria.es\\\/fr\\\/cheques-cadeaux\\\/#breadcrumb\"},\"inLanguage\":\"es\",\"potentialAction\":[{\"@type\":\"ReadAction\",\"target\":[\"https:\\\/\\\/hotelsolalmeria.es\\\/fr\\\/cheques-cadeaux\\\/\"]}]},{\"@type\":\"ImageObject\",\"inLanguage\":\"es\",\"@id\":\"https:\\\/\\\/hotelsolalmeria.es\\\/fr\\\/cheques-cadeaux\\\/#primaryimage\",\"url\":\"https:\\\/\\\/hotelsolalmeria.es\\\/fr\\\/wp-content\\\/uploads\\\/sites\\\/2\\\/amigos-jovenes-sonrientes-que-toman-el-selfie-en-el-telefono-movil-copy.webp\",\"contentUrl\":\"https:\\\/\\\/hotelsolalmeria.es\\\/fr\\\/wp-content\\\/uploads\\\/sites\\\/2\\\/amigos-jovenes-sonrientes-que-toman-el-selfie-en-el-telefono-movil-copy.webp\",\"width\":800,\"height\":533,\"caption\":\"amigos jovenes sonrientes que toman el selfie en el telefono movil\"},{\"@type\":\"BreadcrumbList\",\"@id\":\"https:\\\/\\\/hotelsolalmeria.es\\\/fr\\\/cheques-cadeaux\\\/#breadcrumb\",\"itemListElement\":[{\"@type\":\"ListItem\",\"position\":1,\"name\":\"Portada\",\"item\":\"https:\\\/\\\/hotelsolalmeria.es\\\/fr\\\/\"},{\"@type\":\"ListItem\",\"position\":2,\"name\":\"Ch\u00e8ques-cadeaux\"}]},{\"@type\":\"WebSite\",\"@id\":\"https:\\\/\\\/hotelsolalmeria.es\\\/fr\\\/#website\",\"url\":\"https:\\\/\\\/hotelsolalmeria.es\\\/fr\\\/\",\"name\":\"H\u00f4tel 3 \u00e9toiles \u00e0 Almer\u00eda\",\"description\":\"Hotel 3 estrellas en Almer\u00eda\",\"publisher\":{\"@id\":\"https:\\\/\\\/hotelsolalmeria.es\\\/fr\\\/#organization\"},\"potentialAction\":[{\"@type\":\"SearchAction\",\"target\":{\"@type\":\"EntryPoint\",\"urlTemplate\":\"https:\\\/\\\/hotelsolalmeria.es\\\/fr\\\/?s={search_term_string}\"},\"query-input\":{\"@type\":\"PropertyValueSpecification\",\"valueRequired\":true,\"valueName\":\"search_term_string\"}}],\"inLanguage\":\"es\"},{\"@type\":\"Organization\",\"@id\":\"https:\\\/\\\/hotelsolalmeria.es\\\/fr\\\/#organization\",\"name\":\"H\u00f4tel 3 \u00e9toiles \u00e0 Almer\u00eda\",\"url\":\"https:\\\/\\\/hotelsolalmeria.es\\\/fr\\\/\",\"logo\":{\"@type\":\"ImageObject\",\"inLanguage\":\"es\",\"@id\":\"https:\\\/\\\/hotelsolalmeria.es\\\/fr\\\/#\\\/schema\\\/logo\\\/image\\\/\",\"url\":\"https:\\\/\\\/hotelsolalmeria.es\\\/fr\\\/wp-content\\\/uploads\\\/sites\\\/2\\\/LOGO-HOTEL-SOL.webp\",\"contentUrl\":\"https:\\\/\\\/hotelsolalmeria.es\\\/fr\\\/wp-content\\\/uploads\\\/sites\\\/2\\\/LOGO-HOTEL-SOL.webp\",\"width\":350,\"height\":96,\"caption\":\"H\u00f4tel 3 \u00e9toiles \u00e0 Almer\u00eda\"},\"image\":{\"@id\":\"https:\\\/\\\/hotelsolalmeria.es\\\/fr\\\/#\\\/schema\\\/logo\\\/image\\\/\"}}]}<\/script>\n<!-- \/ Yoast SEO plugin. -->","yoast_head_json":{"title":"Ch\u00e8ques-cadeaux - H\u00f4tel 3 \u00e9toiles \u00e0 Almer\u00eda","description":"\u00c0 l'h\u00f4tel Sol Almer\u00eda, nous voulons que votre s\u00e9jour soit inoubliable. C'est pourquoi nous vous proposons des exp\u00e9riences con\u00e7ues pour agr\u00e9menter votre voyage.","robots":{"index":"index","follow":"follow","max-snippet":"max-snippet:-1","max-image-preview":"max-image-preview:large","max-video-preview":"max-video-preview:-1"},"canonical":"https:\/\/hotelsolalmeria.es\/fr\/cheques-cadeaux\/","og_locale":"es_ES","og_type":"article","og_title":"Ch\u00e8ques-cadeaux - H\u00f4tel 3 \u00e9toiles \u00e0 Almer\u00eda","og_description":"\u00c0 l'h\u00f4tel Sol Almer\u00eda, nous voulons que votre s\u00e9jour soit inoubliable. C'est pourquoi nous vous proposons des exp\u00e9riences con\u00e7ues pour agr\u00e9menter votre voyage.","og_url":"https:\/\/hotelsolalmeria.es\/fr\/cheques-cadeaux\/","og_site_name":"H\u00f4tel 3 \u00e9toiles \u00e0 Almer\u00eda","article_modified_time":"2025-12-30T08:11:40+00:00","og_image":[{"width":800,"height":533,"url":"https:\/\/hotelsolalmeria.es\/fr\/wp-content\/uploads\/sites\/2\/amigos-jovenes-sonrientes-que-toman-el-selfie-en-el-telefono-movil-copy.webp","type":"image\/webp"}],"twitter_card":"summary_large_image","twitter_misc":{"Tiempo de lectura":"2 minutos"},"schema":{"@context":"https:\/\/schema.org","@graph":[{"@type":"WebPage","@id":"https:\/\/hotelsolalmeria.es\/fr\/cheques-cadeaux\/","url":"https:\/\/hotelsolalmeria.es\/fr\/cheques-cadeaux\/","name":"Ch\u00e8ques-cadeaux - H\u00f4tel 3 \u00e9toiles \u00e0 Almer\u00eda","isPartOf":{"@id":"https:\/\/hotelsolalmeria.es\/fr\/#website"},"primaryImageOfPage":{"@id":"https:\/\/hotelsolalmeria.es\/fr\/cheques-cadeaux\/#primaryimage"},"image":{"@id":"https:\/\/hotelsolalmeria.es\/fr\/cheques-cadeaux\/#primaryimage"},"thumbnailUrl":"https:\/\/hotelsolalmeria.es\/fr\/wp-content\/uploads\/sites\/2\/amigos-jovenes-sonrientes-que-toman-el-selfie-en-el-telefono-movil-copy.webp","datePublished":"2025-07-04T21:49:06+00:00","dateModified":"2025-12-30T08:11:40+00:00","description":"\u00c0 l'h\u00f4tel Sol Almer\u00eda, nous voulons que votre s\u00e9jour soit inoubliable. C'est pourquoi nous vous proposons des exp\u00e9riences con\u00e7ues pour agr\u00e9menter votre voyage.","breadcrumb":{"@id":"https:\/\/hotelsolalmeria.es\/fr\/cheques-cadeaux\/#breadcrumb"},"inLanguage":"es","potentialAction":[{"@type":"ReadAction","target":["https:\/\/hotelsolalmeria.es\/fr\/cheques-cadeaux\/"]}]},{"@type":"ImageObject","inLanguage":"es","@id":"https:\/\/hotelsolalmeria.es\/fr\/cheques-cadeaux\/#primaryimage","url":"https:\/\/hotelsolalmeria.es\/fr\/wp-content\/uploads\/sites\/2\/amigos-jovenes-sonrientes-que-toman-el-selfie-en-el-telefono-movil-copy.webp","contentUrl":"https:\/\/hotelsolalmeria.es\/fr\/wp-content\/uploads\/sites\/2\/amigos-jovenes-sonrientes-que-toman-el-selfie-en-el-telefono-movil-copy.webp","width":800,"height":533,"caption":"amigos jovenes sonrientes que toman el selfie en el telefono movil"},{"@type":"BreadcrumbList","@id":"https:\/\/hotelsolalmeria.es\/fr\/cheques-cadeaux\/#breadcrumb","itemListElement":[{"@type":"ListItem","position":1,"name":"Portada","item":"https:\/\/hotelsolalmeria.es\/fr\/"},{"@type":"ListItem","position":2,"name":"Ch\u00e8ques-cadeaux"}]},{"@type":"WebSite","@id":"https:\/\/hotelsolalmeria.es\/fr\/#website","url":"https:\/\/hotelsolalmeria.es\/fr\/","name":"H\u00f4tel 3 \u00e9toiles \u00e0 Almer\u00eda","description":"Hotel 3 estrellas en Almer\u00eda","publisher":{"@id":"https:\/\/hotelsolalmeria.es\/fr\/#organization"},"potentialAction":[{"@type":"SearchAction","target":{"@type":"EntryPoint","urlTemplate":"https:\/\/hotelsolalmeria.es\/fr\/?s={search_term_string}"},"query-input":{"@type":"PropertyValueSpecification","valueRequired":true,"valueName":"search_term_string"}}],"inLanguage":"es"},{"@type":"Organization","@id":"https:\/\/hotelsolalmeria.es\/fr\/#organization","name":"H\u00f4tel 3 \u00e9toiles \u00e0 Almer\u00eda","url":"https:\/\/hotelsolalmeria.es\/fr\/","logo":{"@type":"ImageObject","inLanguage":"es","@id":"https:\/\/hotelsolalmeria.es\/fr\/#\/schema\/logo\/image\/","url":"https:\/\/hotelsolalmeria.es\/fr\/wp-content\/uploads\/sites\/2\/LOGO-HOTEL-SOL.webp","contentUrl":"https:\/\/hotelsolalmeria.es\/fr\/wp-content\/uploads\/sites\/2\/LOGO-HOTEL-SOL.webp","width":350,"height":96,"caption":"H\u00f4tel 3 \u00e9toiles \u00e0 Almer\u00eda"},"image":{"@id":"https:\/\/hotelsolalmeria.es\/fr\/#\/schema\/logo\/image\/"}}]}},"_links":{"self":[{"href":"https:\/\/hotelsolalmeria.es\/fr\/wp-json\/wp\/v2\/pages\/2214","targetHints":{"allow":["GET"]}}],"collection":[{"href":"https:\/\/hotelsolalmeria.es\/fr\/wp-json\/wp\/v2\/pages"}],"about":[{"href":"https:\/\/hotelsolalmeria.es\/fr\/wp-json\/wp\/v2\/types\/page"}],"author":[{"embeddable":true,"href":"https:\/\/hotelsolalmeria.es\/fr\/wp-json\/wp\/v2\/users\/1"}],"replies":[{"embeddable":true,"href":"https:\/\/hotelsolalmeria.es\/fr\/wp-json\/wp\/v2\/comments?post=2214"}],"version-history":[{"count":19,"href":"https:\/\/hotelsolalmeria.es\/fr\/wp-json\/wp\/v2\/pages\/2214\/revisions"}],"predecessor-version":[{"id":3645,"href":"https:\/\/hotelsolalmeria.es\/fr\/wp-json\/wp\/v2\/pages\/2214\/revisions\/3645"}],"wp:featuredmedia":[{"embeddable":true,"href":"https:\/\/hotelsolalmeria.es\/fr\/wp-json\/wp\/v2\/media\/2630"}],"wp:attachment":[{"href":"https:\/\/hotelsolalmeria.es\/fr\/wp-json\/wp\/v2\/media?parent=2214"}],"curies":[{"name":"wp","href":"https:\/\/api.w.org\/{rel}","templated":true}]}}