{"id":1174,"date":"2025-05-23T09:44:07","date_gmt":"2025-05-23T07:44:07","guid":{"rendered":"https:\/\/hotelsolalmeria.es\/?page_id=1174"},"modified":"2025-12-29T16:02:10","modified_gmt":"2025-12-29T15:02:10","slug":"reservations","status":"publish","type":"page","link":"https:\/\/hotelsolalmeria.es\/fr\/reservations\/","title":{"rendered":"R\u00e9servations"},"content":{"rendered":"\t\t<div data-elementor-type=\"wp-page\" data-elementor-id=\"1174\" class=\"elementor elementor-1174\" data-elementor-post-type=\"page\">\n\t\t\t\t<div class=\"elementor-element elementor-element-a7f8e25 e-flex e-con-boxed e-con e-parent\" data-id=\"a7f8e25\" data-element_type=\"container\" data-e-type=\"container\">\n\t\t\t\t\t<div class=\"e-con-inner\">\n\t\t\t\t\t<\/div>\n\t\t\t\t<\/div>\n\t\t\t\t<\/div>\n\t\t","protected":false},"excerpt":{"rendered":"","protected":false},"author":1,"featured_media":0,"parent":0,"menu_order":0,"comment_status":"closed","ping_status":"closed","template":"elementor_canvas","meta":{"footnotes":""},"class_list":["post-1174","page","type-page","status-publish","hentry"],"yoast_head":"<!-- This site is optimized with the Yoast SEO plugin v27.3 - https:\/\/yoast.com\/product\/yoast-seo-wordpress\/ -->\n<title>R\u00e9servations - H\u00f4tel 3 \u00e9toiles \u00e0 Almer\u00eda<\/title>\n<meta name=\"description\" content=\"R\u00e9servez rapidement et en toute s\u00e9curit\u00e9 \u00e0 l&#039;h\u00f4tel Sol Almer\u00eda, o\u00f9 vous b\u00e9n\u00e9ficierez du meilleur prix en ligne. Site officiel\" \/>\n<meta name=\"robots\" content=\"index, follow, max-snippet:-1, max-image-preview:large, max-video-preview:-1\" \/>\n<link rel=\"canonical\" href=\"https:\/\/hotelsolalmeria.es\/fr\/reservations\/\" \/>\n<meta property=\"og:locale\" content=\"es_ES\" \/>\n<meta property=\"og:type\" content=\"article\" \/>\n<meta property=\"og:title\" content=\"R\u00e9servations - H\u00f4tel 3 \u00e9toiles \u00e0 Almer\u00eda\" \/>\n<meta property=\"og:description\" content=\"R\u00e9servez rapidement et en toute s\u00e9curit\u00e9 \u00e0 l&#039;h\u00f4tel Sol Almer\u00eda, o\u00f9 vous b\u00e9n\u00e9ficierez du meilleur prix en ligne. Site officiel\" \/>\n<meta property=\"og:url\" content=\"https:\/\/hotelsolalmeria.es\/fr\/reservations\/\" \/>\n<meta property=\"og:site_name\" content=\"H\u00f4tel 3 \u00e9toiles \u00e0 Almer\u00eda\" \/>\n<meta property=\"article:modified_time\" content=\"2025-12-29T15:02:10+00:00\" \/>\n<meta name=\"twitter:card\" content=\"summary_large_image\" \/>\n<script type=\"application\/ld+json\" class=\"yoast-schema-graph\">{\"@context\":\"https:\\\/\\\/schema.org\",\"@graph\":[{\"@type\":\"WebPage\",\"@id\":\"https:\\\/\\\/hotelsolalmeria.es\\\/fr\\\/reservations\\\/\",\"url\":\"https:\\\/\\\/hotelsolalmeria.es\\\/fr\\\/reservations\\\/\",\"name\":\"R\u00e9servations - H\u00f4tel 3 \u00e9toiles \u00e0 Almer\u00eda\",\"isPartOf\":{\"@id\":\"https:\\\/\\\/hotelsolalmeria.es\\\/fr\\\/#website\"},\"datePublished\":\"2025-05-23T07:44:07+00:00\",\"dateModified\":\"2025-12-29T15:02:10+00:00\",\"description\":\"R\u00e9servez rapidement et en toute s\u00e9curit\u00e9 \u00e0 l'h\u00f4tel Sol Almer\u00eda, o\u00f9 vous b\u00e9n\u00e9ficierez du meilleur prix en ligne. Site officiel\",\"breadcrumb\":{\"@id\":\"https:\\\/\\\/hotelsolalmeria.es\\\/fr\\\/reservations\\\/#breadcrumb\"},\"inLanguage\":\"es\",\"potentialAction\":[{\"@type\":\"ReadAction\",\"target\":[\"https:\\\/\\\/hotelsolalmeria.es\\\/fr\\\/reservations\\\/\"]}]},{\"@type\":\"BreadcrumbList\",\"@id\":\"https:\\\/\\\/hotelsolalmeria.es\\\/fr\\\/reservations\\\/#breadcrumb\",\"itemListElement\":[{\"@type\":\"ListItem\",\"position\":1,\"name\":\"Portada\",\"item\":\"https:\\\/\\\/hotelsolalmeria.es\\\/fr\\\/\"},{\"@type\":\"ListItem\",\"position\":2,\"name\":\"R\u00e9servations\"}]},{\"@type\":\"WebSite\",\"@id\":\"https:\\\/\\\/hotelsolalmeria.es\\\/fr\\\/#website\",\"url\":\"https:\\\/\\\/hotelsolalmeria.es\\\/fr\\\/\",\"name\":\"H\u00f4tel 3 \u00e9toiles \u00e0 Almer\u00eda\",\"description\":\"Hotel 3 estrellas en Almer\u00eda\",\"publisher\":{\"@id\":\"https:\\\/\\\/hotelsolalmeria.es\\\/fr\\\/#organization\"},\"potentialAction\":[{\"@type\":\"SearchAction\",\"target\":{\"@type\":\"EntryPoint\",\"urlTemplate\":\"https:\\\/\\\/hotelsolalmeria.es\\\/fr\\\/?s={search_term_string}\"},\"query-input\":{\"@type\":\"PropertyValueSpecification\",\"valueRequired\":true,\"valueName\":\"search_term_string\"}}],\"inLanguage\":\"es\"},{\"@type\":\"Organization\",\"@id\":\"https:\\\/\\\/hotelsolalmeria.es\\\/fr\\\/#organization\",\"name\":\"H\u00f4tel 3 \u00e9toiles \u00e0 Almer\u00eda\",\"url\":\"https:\\\/\\\/hotelsolalmeria.es\\\/fr\\\/\",\"logo\":{\"@type\":\"ImageObject\",\"inLanguage\":\"es\",\"@id\":\"https:\\\/\\\/hotelsolalmeria.es\\\/fr\\\/#\\\/schema\\\/logo\\\/image\\\/\",\"url\":\"https:\\\/\\\/hotelsolalmeria.es\\\/fr\\\/wp-content\\\/uploads\\\/sites\\\/2\\\/LOGO-HOTEL-SOL.webp\",\"contentUrl\":\"https:\\\/\\\/hotelsolalmeria.es\\\/fr\\\/wp-content\\\/uploads\\\/sites\\\/2\\\/LOGO-HOTEL-SOL.webp\",\"width\":350,\"height\":96,\"caption\":\"H\u00f4tel 3 \u00e9toiles \u00e0 Almer\u00eda\"},\"image\":{\"@id\":\"https:\\\/\\\/hotelsolalmeria.es\\\/fr\\\/#\\\/schema\\\/logo\\\/image\\\/\"}}]}<\/script>\n<!-- \/ Yoast SEO plugin. -->","yoast_head_json":{"title":"R\u00e9servations - H\u00f4tel 3 \u00e9toiles \u00e0 Almer\u00eda","description":"R\u00e9servez rapidement et en toute s\u00e9curit\u00e9 \u00e0 l'h\u00f4tel Sol Almer\u00eda, o\u00f9 vous b\u00e9n\u00e9ficierez du meilleur prix en ligne. Site officiel","robots":{"index":"index","follow":"follow","max-snippet":"max-snippet:-1","max-image-preview":"max-image-preview:large","max-video-preview":"max-video-preview:-1"},"canonical":"https:\/\/hotelsolalmeria.es\/fr\/reservations\/","og_locale":"es_ES","og_type":"article","og_title":"R\u00e9servations - H\u00f4tel 3 \u00e9toiles \u00e0 Almer\u00eda","og_description":"R\u00e9servez rapidement et en toute s\u00e9curit\u00e9 \u00e0 l'h\u00f4tel Sol Almer\u00eda, o\u00f9 vous b\u00e9n\u00e9ficierez du meilleur prix en ligne. Site officiel","og_url":"https:\/\/hotelsolalmeria.es\/fr\/reservations\/","og_site_name":"H\u00f4tel 3 \u00e9toiles \u00e0 Almer\u00eda","article_modified_time":"2025-12-29T15:02:10+00:00","twitter_card":"summary_large_image","schema":{"@context":"https:\/\/schema.org","@graph":[{"@type":"WebPage","@id":"https:\/\/hotelsolalmeria.es\/fr\/reservations\/","url":"https:\/\/hotelsolalmeria.es\/fr\/reservations\/","name":"R\u00e9servations - H\u00f4tel 3 \u00e9toiles \u00e0 Almer\u00eda","isPartOf":{"@id":"https:\/\/hotelsolalmeria.es\/fr\/#website"},"datePublished":"2025-05-23T07:44:07+00:00","dateModified":"2025-12-29T15:02:10+00:00","description":"R\u00e9servez rapidement et en toute s\u00e9curit\u00e9 \u00e0 l'h\u00f4tel Sol Almer\u00eda, o\u00f9 vous b\u00e9n\u00e9ficierez du meilleur prix en ligne. Site officiel","breadcrumb":{"@id":"https:\/\/hotelsolalmeria.es\/fr\/reservations\/#breadcrumb"},"inLanguage":"es","potentialAction":[{"@type":"ReadAction","target":["https:\/\/hotelsolalmeria.es\/fr\/reservations\/"]}]},{"@type":"BreadcrumbList","@id":"https:\/\/hotelsolalmeria.es\/fr\/reservations\/#breadcrumb","itemListElement":[{"@type":"ListItem","position":1,"name":"Portada","item":"https:\/\/hotelsolalmeria.es\/fr\/"},{"@type":"ListItem","position":2,"name":"R\u00e9servations"}]},{"@type":"WebSite","@id":"https:\/\/hotelsolalmeria.es\/fr\/#website","url":"https:\/\/hotelsolalmeria.es\/fr\/","name":"H\u00f4tel 3 \u00e9toiles \u00e0 Almer\u00eda","description":"Hotel 3 estrellas en Almer\u00eda","publisher":{"@id":"https:\/\/hotelsolalmeria.es\/fr\/#organization"},"potentialAction":[{"@type":"SearchAction","target":{"@type":"EntryPoint","urlTemplate":"https:\/\/hotelsolalmeria.es\/fr\/?s={search_term_string}"},"query-input":{"@type":"PropertyValueSpecification","valueRequired":true,"valueName":"search_term_string"}}],"inLanguage":"es"},{"@type":"Organization","@id":"https:\/\/hotelsolalmeria.es\/fr\/#organization","name":"H\u00f4tel 3 \u00e9toiles \u00e0 Almer\u00eda","url":"https:\/\/hotelsolalmeria.es\/fr\/","logo":{"@type":"ImageObject","inLanguage":"es","@id":"https:\/\/hotelsolalmeria.es\/fr\/#\/schema\/logo\/image\/","url":"https:\/\/hotelsolalmeria.es\/fr\/wp-content\/uploads\/sites\/2\/LOGO-HOTEL-SOL.webp","contentUrl":"https:\/\/hotelsolalmeria.es\/fr\/wp-content\/uploads\/sites\/2\/LOGO-HOTEL-SOL.webp","width":350,"height":96,"caption":"H\u00f4tel 3 \u00e9toiles \u00e0 Almer\u00eda"},"image":{"@id":"https:\/\/hotelsolalmeria.es\/fr\/#\/schema\/logo\/image\/"}}]}},"_links":{"self":[{"href":"https:\/\/hotelsolalmeria.es\/fr\/wp-json\/wp\/v2\/pages\/1174","targetHints":{"allow":["GET"]}}],"collection":[{"href":"https:\/\/hotelsolalmeria.es\/fr\/wp-json\/wp\/v2\/pages"}],"about":[{"href":"https:\/\/hotelsolalmeria.es\/fr\/wp-json\/wp\/v2\/types\/page"}],"author":[{"embeddable":true,"href":"https:\/\/hotelsolalmeria.es\/fr\/wp-json\/wp\/v2\/users\/1"}],"replies":[{"embeddable":true,"href":"https:\/\/hotelsolalmeria.es\/fr\/wp-json\/wp\/v2\/comments?post=1174"}],"version-history":[{"count":1,"href":"https:\/\/hotelsolalmeria.es\/fr\/wp-json\/wp\/v2\/pages\/1174\/revisions"}],"predecessor-version":[{"id":3529,"href":"https:\/\/hotelsolalmeria.es\/fr\/wp-json\/wp\/v2\/pages\/1174\/revisions\/3529"}],"wp:attachment":[{"href":"https:\/\/hotelsolalmeria.es\/fr\/wp-json\/wp\/v2\/media?parent=1174"}],"curies":[{"name":"wp","href":"https:\/\/api.w.org\/{rel}","templated":true}]}}