{"id":2214,"date":"2025-07-04T23:49:06","date_gmt":"2025-07-04T21:49:06","guid":{"rendered":"https:\/\/hotelsolalmeria.es\/?page_id=2214"},"modified":"2025-12-29T16:21:08","modified_gmt":"2025-12-29T15:21:08","slug":"gift-vouchers","status":"publish","type":"page","link":"https:\/\/hotelsolalmeria.es\/en\/gift-vouchers\/","title":{"rendered":"Gift vouchers"},"content":{"rendered":"\t\t<div data-elementor-type=\"wp-page\" data-elementor-id=\"2214\" class=\"elementor elementor-2214\" data-elementor-post-type=\"page\">\n\t\t\t\t<div class=\"elementor-element elementor-element-9f020bf e-flex e-con-boxed e-con e-parent\" data-id=\"9f020bf\" data-element_type=\"container\" data-e-type=\"container\" data-settings=\"{&quot;background_background&quot;:&quot;classic&quot;}\">\n\t\t\t\t\t<div class=\"e-con-inner\">\n\t\t\t\t\t<\/div>\n\t\t\t\t<\/div>\n\t\t<div class=\"elementor-element elementor-element-71d4e19 e-flex e-con-boxed e-con e-parent\" data-id=\"71d4e19\" data-element_type=\"container\" data-e-type=\"container\">\n\t\t\t\t\t<div class=\"e-con-inner\">\n\t\t\t\t<div class=\"elementor-element elementor-element-4849dce elementor-widget elementor-widget-heading\" data-id=\"4849dce\" data-element_type=\"widget\" data-e-type=\"widget\" data-widget_type=\"heading.default\">\n\t\t\t\t\t<h1 class=\"elementor-heading-title elementor-size-default\">Gift vouchers<\/h1>\t\t\t\t<\/div>\n\t\t\t\t<div class=\"elementor-element elementor-element-9a8318b elementor-widget elementor-widget-text-editor\" data-id=\"9a8318b\" data-element_type=\"widget\" data-e-type=\"widget\" data-widget_type=\"text-editor.default\">\n\t\t\t\t\t\t\t\t\t<h3>Give the gift of an unforgettable experience at the Hotel Sol Almer\u00eda!<\/h3>\t\t\t\t\t\t\t\t<\/div>\n\t\t\t\t<div class=\"elementor-element elementor-element-49de525 elementor-widget elementor-widget-text-editor\" data-id=\"49de525\" data-element_type=\"widget\" data-e-type=\"widget\" data-widget_type=\"text-editor.default\">\n\t\t\t\t\t\t\t\t\t<p>Surprise that special someone with our <strong>Gift Vouchers<\/strong>, designed to offer a perfect stay in the heart of Almer\u00eda. Choose the option that best suits your needs and give the gift of comfort and relaxation at Hotel Sol Almer\u00eda.<\/p>\t\t\t\t\t\t\t\t<\/div>\n\t\t\t\t\t<\/div>\n\t\t\t\t<\/div>\n\t\t<div class=\"elementor-element elementor-element-79fc9594 e-grid e-con-boxed e-con e-child\" data-id=\"79fc9594\" data-element_type=\"container\" data-e-type=\"container\" data-settings=\"{&quot;background_background&quot;:&quot;classic&quot;}\">\n\t\t\t\t\t<div class=\"e-con-inner\">\n\t\t<div class=\"elementor-element elementor-element-65005ab8 e-con-full e-flex e-con e-child\" data-id=\"65005ab8\" data-element_type=\"container\" data-e-type=\"container\">\n\t\t\t\t<div class=\"elementor-element elementor-element-2f3eab8e elementor-cta--layout-image-left elementor-cta--skin-classic elementor-animated-content elementor-bg-transform elementor-bg-transform-zoom-in elementor-widget elementor-widget-call-to-action\" data-id=\"2f3eab8e\" data-element_type=\"widget\" data-e-type=\"widget\" data-widget_type=\"call-to-action.default\">\n\t\t\t\t\t\t\t<div class=\"elementor-cta\">\n\t\t\t\t\t<div class=\"elementor-cta__bg-wrapper\">\n\t\t\t\t<div class=\"elementor-cta__bg elementor-bg\" style=\"background-image: url(https:\/\/hotelsolalmeria.es\/en\/wp-content\/uploads\/sites\/3\/rearview-shot-of-an-affectionate-mature-couple-rel-2025-04-05-19-52-58-utc.webp);\" role=\"img\" aria-label=\"rearview shot of an affectionate mature couple rel 2025 04 05 19 52 58 utc\"><\/div>\n\t\t\t\t<div class=\"elementor-cta__bg-overlay\"><\/div>\n\t\t\t<\/div>\n\t\t\t\t\t\t\t<div class=\"elementor-cta__content\">\n\t\t\t\t\n\t\t\t\t\t\t\t\t\t<h2 class=\"elementor-cta__title elementor-cta__content-item elementor-content-item\">\n\t\t\t\t\t\tRomantic Night - With Hot Tub\t\t\t\t\t<\/h2>\n\t\t\t\t\n\t\t\t\t\t\t\t\t\t<div class=\"elementor-cta__description elementor-cta__content-item elementor-content-item\">\n\t\t\t\t\t\t<b>Weekday evening<\/b><br><br>\n<strong>Includes:<\/strong><br>\n\n\u2022    <strong>1 night's accommodation<\/strong> in a double room with <strong>hydromassage bath.<\/strong><br>\n\u2022    <strong>Full buffet breakfast<\/strong> for two people.<br>\n\u2022    <strong>Parking:<\/strong> during your stay.<br><br>\n\n\nValid for: Monday to Thursday nights. <strong>(except July and August).<\/strong>\t\t\t\t\t<\/div>\n\t\t\t\t\n\t\t\t\t\t\t\t\t\t<div class=\"elementor-cta__button-wrapper elementor-cta__content-item elementor-content-item \">\n\t\t\t\t\t<a class=\"elementor-cta__button elementor-button elementor-size-\" href=\"https:\/\/shop.avirato.com\/index.php?code=18124288&#038;page=detalles&#038;lang=es&#038;id_extra=23&#038;cat=32\" target=\"_blank\">\n\t\t\t\t\t\t99\u20ac\t\t\t\t\t<\/a>\n\t\t\t\t\t<\/div>\n\t\t\t\t\t\t\t<\/div>\n\t\t\t\t\t\t<\/div>\n\t\t\t\t\t\t<\/div>\n\t\t\t\t<\/div>\n\t\t<div class=\"elementor-element elementor-element-1bc139e2 e-con-full e-flex e-con e-child\" data-id=\"1bc139e2\" data-element_type=\"container\" data-e-type=\"container\">\n\t\t\t\t<div class=\"elementor-element elementor-element-da923b8 elementor-cta--layout-image-left elementor-cta--skin-classic elementor-animated-content elementor-bg-transform elementor-bg-transform-zoom-in elementor-widget elementor-widget-call-to-action\" data-id=\"da923b8\" data-element_type=\"widget\" data-e-type=\"widget\" data-widget_type=\"call-to-action.default\">\n\t\t\t\t\t\t\t<div class=\"elementor-cta\">\n\t\t\t\t\t<div class=\"elementor-cta__bg-wrapper\">\n\t\t\t\t<div class=\"elementor-cta__bg elementor-bg\" style=\"background-image: url(https:\/\/hotelsolalmeria.es\/en\/wp-content\/uploads\/sites\/3\/bono-finde-hidromasaje-salida-tardia.webp);\" role=\"img\" aria-label=\"bono finde hidromasaje salida tardia\"><\/div>\n\t\t\t\t<div class=\"elementor-cta__bg-overlay\"><\/div>\n\t\t\t<\/div>\n\t\t\t\t\t\t\t<div class=\"elementor-cta__content\">\n\t\t\t\t\n\t\t\t\t\t\t\t\t\t<h2 class=\"elementor-cta__title elementor-cta__content-item elementor-content-item\">\n\t\t\t\t\t\tPleasure Weekend - Hydromassage and Late Check-out\t\t\t\t\t<\/h2>\n\t\t\t\t\n\t\t\t\t\t\t\t\t\t<div class=\"elementor-cta__description elementor-cta__content-item elementor-content-item\">\n\t\t\t\t\t\tDesigned for couples who want a special weekend of intimacy and relaxation.<br><br>\n<strong>Includes:<\/strong><br>\n\n\u2022    <strong>Weekend Accommodation:<\/strong> (Friday and Saturday nights except July and August) in a Double Room with <strong>Hydromassage Bath.<\/strong><br>\n\u2022    <strong>Full Buffet Breakfast<\/strong> for two people.<br>\n\u2022    <strong>Parking: <\/strong>throughout your stay.<br>\n\u2022 <strong>Late Check-out<\/strong> on Sunday until 6pm.<br><br>\n\nValid for: <strong>Friday and Saturday (2 nights)<strong>.\n\n\t\t\t\t\t<\/div>\n\t\t\t\t\n\t\t\t\t\t\t\t\t\t<div class=\"elementor-cta__button-wrapper elementor-cta__content-item elementor-content-item \">\n\t\t\t\t\t<a class=\"elementor-cta__button elementor-button elementor-size-\" href=\"https:\/\/shop.avirato.com\/index.php?code=18124288&#038;page=detalles&#038;id_extra=26&#038;lang=es&#038;cat=32\" target=\"_blank\">\n\t\t\t\t\t\t189\u20ac\t\t\t\t\t<\/a>\n\t\t\t\t\t<\/div>\n\t\t\t\t\t\t\t<\/div>\n\t\t\t\t\t\t<\/div>\n\t\t\t\t\t\t<\/div>\n\t\t\t\t<\/div>\n\t\t\t\t\t<\/div>\n\t\t\t\t<\/div>\n\t\t<div class=\"elementor-element elementor-element-69aa8d6 e-flex e-con-boxed e-con e-parent\" data-id=\"69aa8d6\" data-element_type=\"container\" data-e-type=\"container\">\n\t\t\t\t\t<div class=\"e-con-inner\">\n\t\t<div class=\"elementor-element elementor-element-069ea37 e-con-full e-flex e-con e-child\" data-id=\"069ea37\" data-element_type=\"container\" data-e-type=\"container\">\n\t\t\t\t<div class=\"elementor-element elementor-element-a5f5b37 elementor-widget elementor-widget-heading\" data-id=\"a5f5b37\" data-element_type=\"widget\" data-e-type=\"widget\" data-widget_type=\"heading.default\">\n\t\t\t\t\t<h2 class=\"elementor-heading-title elementor-size-default\">General Terms and Conditions for Gift Vouchers:<\/h2>\t\t\t\t<\/div>\n\t\t\t\t<div class=\"elementor-element elementor-element-73ddc0b elementor-widget elementor-widget-text-editor\" data-id=\"73ddc0b\" data-element_type=\"widget\" data-e-type=\"widget\" data-widget_type=\"text-editor.default\">\n\t\t\t\t\t\t\t\t\t<ul>\n    <li>Validity: 12 months from the date of purchase.<\/li>\n    <li>Subject to hotel availability. Advance booking is recommended.<\/li>\n    <li>Not exchangeable for cash.<\/li>\n    <li><strong>Gift vouchers are non-refundable.<\/strong><\/li>\n    <li><strong>The person who purchases the voucher has 12 months to use it, but cannot return it.<\/strong><\/li>\n<\/ul>\t\t\t\t\t\t\t\t<\/div>\n\t\t\t\t<\/div>\n\t\t\t\t\t<\/div>\n\t\t\t\t<\/div>\n\t\t<div class=\"elementor-element elementor-element-683f20c e-flex e-con-boxed e-con e-parent\" data-id=\"683f20c\" data-element_type=\"container\" data-e-type=\"container\" data-settings=\"{&quot;background_background&quot;:&quot;classic&quot;}\">\n\t\t\t\t\t<div class=\"e-con-inner\">\n\t\t\t\t<div class=\"elementor-element elementor-element-4600a23 elementor-widget elementor-widget-heading\" data-id=\"4600a23\" data-element_type=\"widget\" data-e-type=\"widget\" data-widget_type=\"heading.default\">\n\t\t\t\t\t<h2 class=\"elementor-heading-title elementor-size-default\">At Hotel Sol Almer\u00eda<\/h2>\t\t\t\t<\/div>\n\t\t\t\t<div class=\"elementor-element elementor-element-94dbaf0 elementor-widget__width-initial elementor-widget elementor-widget-text-editor\" data-id=\"94dbaf0\" data-element_type=\"widget\" data-e-type=\"widget\" data-widget_type=\"text-editor.default\">\n\t\t\t\t\t\t\t\t\t<p>We want you to take home the best memories at the best price online.<\/p>\t\t\t\t\t\t\t\t<\/div>\n\t\t\t\t<div class=\"elementor-element elementor-element-4cddddf elementor-widget elementor-widget-button\" data-id=\"4cddddf\" data-element_type=\"widget\" data-e-type=\"widget\" data-widget_type=\"button.default\">\n\t\t\t\t\t\t\t\t\t\t<a class=\"elementor-button elementor-button-link elementor-size-sm\" href=\"\/reservas\/?code=18124288&#038;lang=en\" target=\"_blank\">\n\t\t\t\t\t\t<span class=\"elementor-button-content-wrapper\">\n\t\t\t\t\t\t<span class=\"elementor-button-icon\">\n\t\t\t\t<svg xmlns=\"http:\/\/www.w3.org\/2000\/svg\" xmlns:xlink=\"http:\/\/www.w3.org\/1999\/xlink\" id=\"Capa_1\" x=\"0px\" y=\"0px\" viewBox=\"0 0 512 512\" style=\"enable-background:new 0 0 512 512;\" xml:space=\"preserve\"><g>\t<g>\t\t<polygon points=\"303.616,64.034 283.747,86.511 458.514,241 0,241 0,271 458.514,271 283.747,425.489 303.616,447.966    512,263.761 512,248.239   \"><\/polygon>\t<\/g><\/g><g><\/g><g><\/g><g><\/g><g><\/g><g><\/g><g><\/g><g><\/g><g><\/g><g><\/g><g><\/g><g><\/g><g><\/g><g><\/g><g><\/g><g><\/g><\/svg>\t\t\t<\/span>\n\t\t\t\t\t\t\t\t\t<span class=\"elementor-button-text\">Book now<\/span>\n\t\t\t\t\t<\/span>\n\t\t\t\t\t<\/a>\n\t\t\t\t\t\t\t\t<\/div>\n\t\t\t\t\t<\/div>\n\t\t\t\t<\/div>\n\t\t\t\t<\/div>\n\t\t","protected":false},"excerpt":{"rendered":"<p>Give the gift of an unforgettable experience at the Hotel Sol Almer\u00eda! Surprise that special someone with our Gift Vouchers, designed to offer a perfect stay in the heart of Almer\u00eda. Choose the option that best suits your needs and give the gift of comfort and relaxation at Hotel Sol Almer\u00eda. Romantic Night &#8211; With [&hellip;]<\/p>\n","protected":false},"author":1,"featured_media":2630,"parent":0,"menu_order":0,"comment_status":"closed","ping_status":"closed","template":"elementor_header_footer","meta":{"footnotes":""},"class_list":["post-2214","page","type-page","status-publish","has-post-thumbnail","hentry"],"yoast_head":"<!-- This site is optimized with the Yoast SEO plugin v27.3 - https:\/\/yoast.com\/product\/yoast-seo-wordpress\/ -->\n<title>Gift vouchers - 3-star hotel in Almer\u00eda<\/title>\n<meta name=\"description\" content=\"At Hotel Sol Almer\u00eda, we want your stay to be unforgettable, which is why we offer experiences designed to complement your trip.\" \/>\n<meta name=\"robots\" content=\"index, follow, max-snippet:-1, max-image-preview:large, max-video-preview:-1\" \/>\n<link rel=\"canonical\" href=\"https:\/\/hotelsolalmeria.es\/en\/gift-vouchers\/\" \/>\n<meta property=\"og:locale\" content=\"es_ES\" \/>\n<meta property=\"og:type\" content=\"article\" \/>\n<meta property=\"og:title\" content=\"Gift vouchers - 3-star hotel in Almer\u00eda\" \/>\n<meta property=\"og:description\" content=\"At Hotel Sol Almer\u00eda, we want your stay to be unforgettable, which is why we offer experiences designed to complement your trip.\" \/>\n<meta property=\"og:url\" content=\"https:\/\/hotelsolalmeria.es\/en\/gift-vouchers\/\" \/>\n<meta property=\"og:site_name\" content=\"3-star hotel in Almer\u00eda\" \/>\n<meta property=\"article:modified_time\" content=\"2025-12-29T15:21:08+00:00\" \/>\n<meta property=\"og:image\" content=\"https:\/\/hotelsolalmeria.es\/en\/wp-content\/uploads\/sites\/3\/amigos-jovenes-sonrientes-que-toman-el-selfie-en-el-telefono-movil-copy.webp\" \/>\n\t<meta property=\"og:image:width\" content=\"800\" \/>\n\t<meta property=\"og:image:height\" content=\"533\" \/>\n\t<meta property=\"og:image:type\" content=\"image\/webp\" \/>\n<meta name=\"twitter:card\" content=\"summary_large_image\" \/>\n<meta name=\"twitter:label1\" content=\"Tiempo de lectura\" \/>\n\t<meta name=\"twitter:data1\" content=\"2 minutos\" \/>\n<script type=\"application\/ld+json\" class=\"yoast-schema-graph\">{\"@context\":\"https:\\\/\\\/schema.org\",\"@graph\":[{\"@type\":\"WebPage\",\"@id\":\"https:\\\/\\\/hotelsolalmeria.es\\\/en\\\/gift-vouchers\\\/\",\"url\":\"https:\\\/\\\/hotelsolalmeria.es\\\/en\\\/gift-vouchers\\\/\",\"name\":\"Gift vouchers - 3-star hotel in Almer\u00eda\",\"isPartOf\":{\"@id\":\"https:\\\/\\\/hotelsolalmeria.es\\\/en\\\/#website\"},\"primaryImageOfPage\":{\"@id\":\"https:\\\/\\\/hotelsolalmeria.es\\\/en\\\/gift-vouchers\\\/#primaryimage\"},\"image\":{\"@id\":\"https:\\\/\\\/hotelsolalmeria.es\\\/en\\\/gift-vouchers\\\/#primaryimage\"},\"thumbnailUrl\":\"https:\\\/\\\/hotelsolalmeria.es\\\/en\\\/wp-content\\\/uploads\\\/sites\\\/3\\\/amigos-jovenes-sonrientes-que-toman-el-selfie-en-el-telefono-movil-copy.webp\",\"datePublished\":\"2025-07-04T21:49:06+00:00\",\"dateModified\":\"2025-12-29T15:21:08+00:00\",\"description\":\"At Hotel Sol Almer\u00eda, we want your stay to be unforgettable, which is why we offer experiences designed to complement your trip.\",\"breadcrumb\":{\"@id\":\"https:\\\/\\\/hotelsolalmeria.es\\\/en\\\/gift-vouchers\\\/#breadcrumb\"},\"inLanguage\":\"es\",\"potentialAction\":[{\"@type\":\"ReadAction\",\"target\":[\"https:\\\/\\\/hotelsolalmeria.es\\\/en\\\/gift-vouchers\\\/\"]}]},{\"@type\":\"ImageObject\",\"inLanguage\":\"es\",\"@id\":\"https:\\\/\\\/hotelsolalmeria.es\\\/en\\\/gift-vouchers\\\/#primaryimage\",\"url\":\"https:\\\/\\\/hotelsolalmeria.es\\\/en\\\/wp-content\\\/uploads\\\/sites\\\/3\\\/amigos-jovenes-sonrientes-que-toman-el-selfie-en-el-telefono-movil-copy.webp\",\"contentUrl\":\"https:\\\/\\\/hotelsolalmeria.es\\\/en\\\/wp-content\\\/uploads\\\/sites\\\/3\\\/amigos-jovenes-sonrientes-que-toman-el-selfie-en-el-telefono-movil-copy.webp\",\"width\":800,\"height\":533,\"caption\":\"amigos jovenes sonrientes que toman el selfie en el telefono movil\"},{\"@type\":\"BreadcrumbList\",\"@id\":\"https:\\\/\\\/hotelsolalmeria.es\\\/en\\\/gift-vouchers\\\/#breadcrumb\",\"itemListElement\":[{\"@type\":\"ListItem\",\"position\":1,\"name\":\"Portada\",\"item\":\"https:\\\/\\\/hotelsolalmeria.es\\\/en\\\/\"},{\"@type\":\"ListItem\",\"position\":2,\"name\":\"Gift vouchers\"}]},{\"@type\":\"WebSite\",\"@id\":\"https:\\\/\\\/hotelsolalmeria.es\\\/en\\\/#website\",\"url\":\"https:\\\/\\\/hotelsolalmeria.es\\\/en\\\/\",\"name\":\"3-star hotel in Almer\u00eda\",\"description\":\"Hotel 3 estrellas en Almer\u00eda\",\"publisher\":{\"@id\":\"https:\\\/\\\/hotelsolalmeria.es\\\/en\\\/#organization\"},\"potentialAction\":[{\"@type\":\"SearchAction\",\"target\":{\"@type\":\"EntryPoint\",\"urlTemplate\":\"https:\\\/\\\/hotelsolalmeria.es\\\/en\\\/?s={search_term_string}\"},\"query-input\":{\"@type\":\"PropertyValueSpecification\",\"valueRequired\":true,\"valueName\":\"search_term_string\"}}],\"inLanguage\":\"es\"},{\"@type\":\"Organization\",\"@id\":\"https:\\\/\\\/hotelsolalmeria.es\\\/en\\\/#organization\",\"name\":\"3-star hotel in Almer\u00eda\",\"url\":\"https:\\\/\\\/hotelsolalmeria.es\\\/en\\\/\",\"logo\":{\"@type\":\"ImageObject\",\"inLanguage\":\"es\",\"@id\":\"https:\\\/\\\/hotelsolalmeria.es\\\/en\\\/#\\\/schema\\\/logo\\\/image\\\/\",\"url\":\"https:\\\/\\\/hotelsolalmeria.es\\\/en\\\/wp-content\\\/uploads\\\/sites\\\/3\\\/LOGO-HOTEL-SOL.webp\",\"contentUrl\":\"https:\\\/\\\/hotelsolalmeria.es\\\/en\\\/wp-content\\\/uploads\\\/sites\\\/3\\\/LOGO-HOTEL-SOL.webp\",\"width\":350,\"height\":96,\"caption\":\"3-star hotel in Almer\u00eda\"},\"image\":{\"@id\":\"https:\\\/\\\/hotelsolalmeria.es\\\/en\\\/#\\\/schema\\\/logo\\\/image\\\/\"}}]}<\/script>\n<!-- \/ Yoast SEO plugin. -->","yoast_head_json":{"title":"Gift vouchers - 3-star hotel in Almer\u00eda","description":"At Hotel Sol Almer\u00eda, we want your stay to be unforgettable, which is why we offer experiences designed to complement your trip.","robots":{"index":"index","follow":"follow","max-snippet":"max-snippet:-1","max-image-preview":"max-image-preview:large","max-video-preview":"max-video-preview:-1"},"canonical":"https:\/\/hotelsolalmeria.es\/en\/gift-vouchers\/","og_locale":"es_ES","og_type":"article","og_title":"Gift vouchers - 3-star hotel in Almer\u00eda","og_description":"At Hotel Sol Almer\u00eda, we want your stay to be unforgettable, which is why we offer experiences designed to complement your trip.","og_url":"https:\/\/hotelsolalmeria.es\/en\/gift-vouchers\/","og_site_name":"3-star hotel in Almer\u00eda","article_modified_time":"2025-12-29T15:21:08+00:00","og_image":[{"width":800,"height":533,"url":"https:\/\/hotelsolalmeria.es\/en\/wp-content\/uploads\/sites\/3\/amigos-jovenes-sonrientes-que-toman-el-selfie-en-el-telefono-movil-copy.webp","type":"image\/webp"}],"twitter_card":"summary_large_image","twitter_misc":{"Tiempo de lectura":"2 minutos"},"schema":{"@context":"https:\/\/schema.org","@graph":[{"@type":"WebPage","@id":"https:\/\/hotelsolalmeria.es\/en\/gift-vouchers\/","url":"https:\/\/hotelsolalmeria.es\/en\/gift-vouchers\/","name":"Gift vouchers - 3-star hotel in Almer\u00eda","isPartOf":{"@id":"https:\/\/hotelsolalmeria.es\/en\/#website"},"primaryImageOfPage":{"@id":"https:\/\/hotelsolalmeria.es\/en\/gift-vouchers\/#primaryimage"},"image":{"@id":"https:\/\/hotelsolalmeria.es\/en\/gift-vouchers\/#primaryimage"},"thumbnailUrl":"https:\/\/hotelsolalmeria.es\/en\/wp-content\/uploads\/sites\/3\/amigos-jovenes-sonrientes-que-toman-el-selfie-en-el-telefono-movil-copy.webp","datePublished":"2025-07-04T21:49:06+00:00","dateModified":"2025-12-29T15:21:08+00:00","description":"At Hotel Sol Almer\u00eda, we want your stay to be unforgettable, which is why we offer experiences designed to complement your trip.","breadcrumb":{"@id":"https:\/\/hotelsolalmeria.es\/en\/gift-vouchers\/#breadcrumb"},"inLanguage":"es","potentialAction":[{"@type":"ReadAction","target":["https:\/\/hotelsolalmeria.es\/en\/gift-vouchers\/"]}]},{"@type":"ImageObject","inLanguage":"es","@id":"https:\/\/hotelsolalmeria.es\/en\/gift-vouchers\/#primaryimage","url":"https:\/\/hotelsolalmeria.es\/en\/wp-content\/uploads\/sites\/3\/amigos-jovenes-sonrientes-que-toman-el-selfie-en-el-telefono-movil-copy.webp","contentUrl":"https:\/\/hotelsolalmeria.es\/en\/wp-content\/uploads\/sites\/3\/amigos-jovenes-sonrientes-que-toman-el-selfie-en-el-telefono-movil-copy.webp","width":800,"height":533,"caption":"amigos jovenes sonrientes que toman el selfie en el telefono movil"},{"@type":"BreadcrumbList","@id":"https:\/\/hotelsolalmeria.es\/en\/gift-vouchers\/#breadcrumb","itemListElement":[{"@type":"ListItem","position":1,"name":"Portada","item":"https:\/\/hotelsolalmeria.es\/en\/"},{"@type":"ListItem","position":2,"name":"Gift vouchers"}]},{"@type":"WebSite","@id":"https:\/\/hotelsolalmeria.es\/en\/#website","url":"https:\/\/hotelsolalmeria.es\/en\/","name":"3-star hotel in Almer\u00eda","description":"Hotel 3 estrellas en Almer\u00eda","publisher":{"@id":"https:\/\/hotelsolalmeria.es\/en\/#organization"},"potentialAction":[{"@type":"SearchAction","target":{"@type":"EntryPoint","urlTemplate":"https:\/\/hotelsolalmeria.es\/en\/?s={search_term_string}"},"query-input":{"@type":"PropertyValueSpecification","valueRequired":true,"valueName":"search_term_string"}}],"inLanguage":"es"},{"@type":"Organization","@id":"https:\/\/hotelsolalmeria.es\/en\/#organization","name":"3-star hotel in Almer\u00eda","url":"https:\/\/hotelsolalmeria.es\/en\/","logo":{"@type":"ImageObject","inLanguage":"es","@id":"https:\/\/hotelsolalmeria.es\/en\/#\/schema\/logo\/image\/","url":"https:\/\/hotelsolalmeria.es\/en\/wp-content\/uploads\/sites\/3\/LOGO-HOTEL-SOL.webp","contentUrl":"https:\/\/hotelsolalmeria.es\/en\/wp-content\/uploads\/sites\/3\/LOGO-HOTEL-SOL.webp","width":350,"height":96,"caption":"3-star hotel in Almer\u00eda"},"image":{"@id":"https:\/\/hotelsolalmeria.es\/en\/#\/schema\/logo\/image\/"}}]}},"_links":{"self":[{"href":"https:\/\/hotelsolalmeria.es\/en\/wp-json\/wp\/v2\/pages\/2214","targetHints":{"allow":["GET"]}}],"collection":[{"href":"https:\/\/hotelsolalmeria.es\/en\/wp-json\/wp\/v2\/pages"}],"about":[{"href":"https:\/\/hotelsolalmeria.es\/en\/wp-json\/wp\/v2\/types\/page"}],"author":[{"embeddable":true,"href":"https:\/\/hotelsolalmeria.es\/en\/wp-json\/wp\/v2\/users\/1"}],"replies":[{"embeddable":true,"href":"https:\/\/hotelsolalmeria.es\/en\/wp-json\/wp\/v2\/comments?post=2214"}],"version-history":[{"count":7,"href":"https:\/\/hotelsolalmeria.es\/en\/wp-json\/wp\/v2\/pages\/2214\/revisions"}],"predecessor-version":[{"id":3535,"href":"https:\/\/hotelsolalmeria.es\/en\/wp-json\/wp\/v2\/pages\/2214\/revisions\/3535"}],"wp:featuredmedia":[{"embeddable":true,"href":"https:\/\/hotelsolalmeria.es\/en\/wp-json\/wp\/v2\/media\/2630"}],"wp:attachment":[{"href":"https:\/\/hotelsolalmeria.es\/en\/wp-json\/wp\/v2\/media?parent=2214"}],"curies":[{"name":"wp","href":"https:\/\/api.w.org\/{rel}","templated":true}]}}